{"id":77,"date":"2024-09-19T12:09:30","date_gmt":"2024-09-19T12:09:30","guid":{"rendered":"https:\/\/stefanovici.rs\/?page_id=77"},"modified":"2026-01-26T15:36:28","modified_gmt":"2026-01-26T14:36:28","slug":"usluge","status":"publish","type":"page","link":"https:\/\/stefanovici.rs\/?page_id=77","title":{"rendered":"Usluge"},"content":{"rendered":"<p>[et_pb_section fb_built=&#8221;1&#8243; _builder_version=&#8221;4.27.3&#8243; _module_preset=&#8221;default&#8221; use_background_color_gradient=&#8221;on&#8221; background_color_gradient_stops=&#8221;#2b87da 10%|rgba(82, 157, 225, 1) 26%|rgba(147, 194, 236, 1) 86%|#ffffff 97%&#8221; global_colors_info=&#8221;{}&#8221;][et_pb_row _builder_version=&#8221;4.27.3&#8243; _module_preset=&#8221;default&#8221; global_colors_info=&#8221;{}&#8221;][et_pb_column type=&#8221;4_4&#8243; _builder_version=&#8221;4.27.0&#8243; _module_preset=&#8221;default&#8221; global_colors_info=&#8221;{}&#8221;][et_pb_text _builder_version=&#8221;4.27.3&#8243; _module_preset=&#8221;default&#8221; header_font=&#8221;|700|||||||&#8221; header_text_color=&#8221;#fcfcfc&#8221; header_font_size=&#8221;37px&#8221; text_font_size_last_edited=&#8221;off|phone&#8221; header_text_shadow_style=&#8221;preset1&#8243; global_colors_info=&#8221;{}&#8221; text_font_size__hover_enabled=&#8221;off|desktop&#8221;]<\/p>\n<h1>Spisak usluga u oftalmologiji Stefanovi\u0107i<\/h1>\n<p>[\/et_pb_text][et_pb_text _builder_version=&#8221;4.27.4&#8243; _module_preset=&#8221;default&#8221; text_font=&#8221;|600|||||||&#8221; text_text_color=&#8221;#FFFFFF&#8221; text_font_size=&#8221;20px&#8221; text_line_height=&#8221;3em&#8221; text_text_shadow_style=&#8221;preset1&#8243; text_text_shadow_horizontal_length=&#8221;-0.02em&#8221; global_colors_info=&#8221;{}&#8221;]<\/p>\n<ol>\n<li style=\"text-align: left;\"><span>Kompletan pregled profesora &#8211; 7 000 din <strong>(Pregled prednjeg segmenta, provera\/odre\u0111ivanje dioptrije, provera o\u010dnog pritiska, \u0161irenje zenica i pregled o\u010dnog dna)<\/strong><\/span><\/li>\n<li style=\"text-align: left;\"><span>Kompletan pregled oftalmologa specijaliste &#8211; 6 000 din<\/span><\/li>\n<li style=\"text-align: left;\"><span>Kontrolni pregled (u roku od mesec dana) &#8211; 4 000 din<\/span><\/li>\n<li style=\"text-align: left;\"><span>Merenje debljine ro\u017enja\u010de (CCT) &#8211; 1 000 din<\/span><\/li>\n<li style=\"text-align: left;\"><span>Merenje intraokularnog pritiska &#8211; 1 500 din<\/span><\/li>\n<li style=\"text-align: left;\"><span>Usmena konsultacija &#8211; 3 000 din<\/span><\/li>\n<li style=\"text-align: left;\"><span>Dnevna kriva (IOP) &#8211; 4 000 din<\/span><\/li>\n<li style=\"text-align: left;\"><span>Odre\u0111ivanje nao\u010dara (optometrista) &#8211; 2 000 din.<\/span><\/li>\n<li style=\"text-align: left;\"><span>Pregled prednjeg segmenta i nao\u010dare (oftalmolog) &#8211; 4 000 din<\/span><\/li>\n<li style=\"text-align: left;\"><span>Laser fotokoagulacija retine i pregled &#8211; 18 000 din<\/span><\/li>\n<li style=\"text-align: left;\"><span>Laser fotokoagulacija retine, ponovljeni &#8211; 14 000 din<\/span><\/li>\n<li style=\"text-align: left;\"><span>Foto ocnog dna &#8211; 2 000 din<\/span><\/li>\n<li style=\"text-align: left;\"><span>OCT skener &#8211; 5 000 din<\/span><\/li>\n<li style=\"text-align: left;\"><span>Ultrazvu\u010dni pregled (EHO) &#8211; 5 000 din<\/span><\/li>\n<li style=\"text-align: left;\"><span>Kompletan pregled i OCT skener &#8211; 9 500 din<\/span><\/li>\n<li style=\"text-align: left;\"><span>Kompletan pregled sa ultrazvukom &#8211; 9 000 din<\/span><\/li>\n<li style=\"text-align: left;\"><span>Kompletan pregled i Foto o\u010dnog dna &#8211; 8 000 din<\/span><\/li>\n<li style=\"text-align: left;\"><span>Kompletan pregled sa OCT i Foto &#8211; 10 000 din<\/span><\/li>\n<li style=\"text-align: left;\"><span>Kompletan pregled sa OCT i EHO &#8211; 12 000 din<\/span><\/li>\n<li style=\"text-align: left;\"><span>Kompletan pregled sa OCT, EHO, Foto i CCT &#8211; 13 000 din<\/span><\/li>\n<li style=\"text-align: left;\"><span>Operacija halaciona, \u010dmi\u010dka &#8211; 12 000 din<\/span><\/li>\n<li style=\"text-align: left;\"><span>Operacija benignih tumora kapaka &#8211; 25 000 din<\/span><\/li>\n<li style=\"text-align: left;\"><span>Revizija ekstrakcija implanata &#8211; 24 000 din<\/span><\/li>\n<li style=\"text-align: left;\"><span>Pregled prednjeg segmenta i eks. stranog tela &#8211; 5 000 din<\/span><\/li>\n<li style=\"text-align: left;\">Vidno polje &#8211; 4000 din<span><\/span><\/li>\n<\/ol>\n<p>[\/et_pb_text][\/et_pb_column][\/et_pb_row][\/et_pb_section]<\/p>\n","protected":false},"excerpt":{"rendered":"<p>Spisak usluga u oftalmologiji Stefanovi\u0107i Kompletan pregled profesora &#8211; 7 000 din (Pregled prednjeg segmenta, provera\/odre\u0111ivanje dioptrije, provera o\u010dnog pritiska, \u0161irenje zenica i pregled o\u010dnog dna) Kompletan pregled oftalmologa specijaliste &#8211; 6 000 din Kontrolni pregled (u roku od mesec dana) &#8211; 4 000 din Merenje debljine ro\u017enja\u010de (CCT) &#8211; 1 000 din Merenje intraokularnog [&hellip;]<\/p>\n","protected":false},"author":1,"featured_media":0,"parent":0,"menu_order":0,"comment_status":"closed","ping_status":"closed","template":"","meta":{"_et_pb_use_builder":"on","_et_pb_old_content":"<!-- wp:divi\/placeholder \/-->","_et_gb_content_width":"","footnotes":""},"class_list":["post-77","page","type-page","status-publish","hentry"],"yoast_head":"<!-- This site is optimized with the Yoast SEO plugin v26.4 - https:\/\/yoast.com\/wordpress\/plugins\/seo\/ -->\n<title>Usluge - Ordinacija Stefanovi\u0107i<\/title>\n<meta name=\"description\" content=\"Spisak usluga, vrsta pregleda u oftalmolo\u0161koj ordinaciji Stefanovi\u0107i. Novi Beograd, Milutina Milankovi\u0107a 54\/8.\" \/>\n<meta name=\"robots\" content=\"index, follow, max-snippet:-1, max-image-preview:large, max-video-preview:-1\" \/>\n<link rel=\"canonical\" href=\"https:\/\/stefanovici.rs\/?page_id=77\" \/>\n<meta property=\"og:locale\" content=\"en_US\" \/>\n<meta property=\"og:type\" content=\"article\" \/>\n<meta property=\"og:title\" content=\"Usluge - Ordinacija Stefanovi\u0107i\" \/>\n<meta property=\"og:description\" content=\"Spisak usluga, vrsta pregleda u oftalmolo\u0161koj ordinaciji Stefanovi\u0107i. Novi Beograd, Milutina Milankovi\u0107a 54\/8.\" \/>\n<meta property=\"og:url\" content=\"https:\/\/stefanovici.rs\/?page_id=77\" \/>\n<meta property=\"og:site_name\" content=\"stefanovici.rs\" \/>\n<meta property=\"article:publisher\" content=\"https:\/\/www.facebook.com\/ordinacijaStefanovici\" \/>\n<meta property=\"article:modified_time\" content=\"2026-01-26T14:36:28+00:00\" \/>\n<meta name=\"twitter:card\" content=\"summary_large_image\" \/>\n<meta name=\"twitter:label1\" content=\"Est. reading time\" \/>\n\t<meta name=\"twitter:data1\" content=\"1 minute\" \/>\n<script type=\"application\/ld+json\" class=\"yoast-schema-graph\">{\"@context\":\"https:\/\/schema.org\",\"@graph\":[{\"@type\":\"WebPage\",\"@id\":\"https:\/\/stefanovici.rs\/?page_id=77\",\"url\":\"https:\/\/stefanovici.rs\/?page_id=77\",\"name\":\"Usluge - Ordinacija Stefanovi\u0107i\",\"isPartOf\":{\"@id\":\"https:\/\/stefanovici.rs\/#website\"},\"datePublished\":\"2024-09-19T12:09:30+00:00\",\"dateModified\":\"2026-01-26T14:36:28+00:00\",\"description\":\"Spisak usluga, vrsta pregleda u oftalmolo\u0161koj ordinaciji Stefanovi\u0107i. Novi Beograd, Milutina Milankovi\u0107a 54\/8.\",\"breadcrumb\":{\"@id\":\"https:\/\/stefanovici.rs\/?page_id=77#breadcrumb\"},\"inLanguage\":\"en-US\",\"potentialAction\":[{\"@type\":\"ReadAction\",\"target\":[\"https:\/\/stefanovici.rs\/?page_id=77\"]}]},{\"@type\":\"BreadcrumbList\",\"@id\":\"https:\/\/stefanovici.rs\/?page_id=77#breadcrumb\",\"itemListElement\":[{\"@type\":\"ListItem\",\"position\":1,\"name\":\"Home\",\"item\":\"https:\/\/stefanovici.rs\/\"},{\"@type\":\"ListItem\",\"position\":2,\"name\":\"Usluge\"}]},{\"@type\":\"WebSite\",\"@id\":\"https:\/\/stefanovici.rs\/#website\",\"url\":\"https:\/\/stefanovici.rs\/\",\"name\":\"stefanovici.rs\",\"description\":\"Oftalmolo\u0161ka ordinacija Stefanovi\u0107i\",\"publisher\":{\"@id\":\"https:\/\/stefanovici.rs\/#organization\"},\"potentialAction\":[{\"@type\":\"SearchAction\",\"target\":{\"@type\":\"EntryPoint\",\"urlTemplate\":\"https:\/\/stefanovici.rs\/?s={search_term_string}\"},\"query-input\":{\"@type\":\"PropertyValueSpecification\",\"valueRequired\":true,\"valueName\":\"search_term_string\"}}],\"inLanguage\":\"en-US\"},{\"@type\":\"Organization\",\"@id\":\"https:\/\/stefanovici.rs\/#organization\",\"name\":\"stefanovici.rs\",\"url\":\"https:\/\/stefanovici.rs\/\",\"logo\":{\"@type\":\"ImageObject\",\"inLanguage\":\"en-US\",\"@id\":\"https:\/\/stefanovici.rs\/#\/schema\/logo\/image\/\",\"url\":\"https:\/\/stefanovici.rs\/wp-content\/uploads\/2024\/09\/IMG_0001.png\",\"contentUrl\":\"https:\/\/stefanovici.rs\/wp-content\/uploads\/2024\/09\/IMG_0001.png\",\"width\":333,\"height\":115,\"caption\":\"stefanovici.rs\"},\"image\":{\"@id\":\"https:\/\/stefanovici.rs\/#\/schema\/logo\/image\/\"},\"sameAs\":[\"https:\/\/www.facebook.com\/ordinacijaStefanovici\"]}]}<\/script>\n<!-- \/ Yoast SEO plugin. -->","yoast_head_json":{"title":"Usluge - Ordinacija Stefanovi\u0107i","description":"Spisak usluga, vrsta pregleda u oftalmolo\u0161koj ordinaciji Stefanovi\u0107i. Novi Beograd, Milutina Milankovi\u0107a 54\/8.","robots":{"index":"index","follow":"follow","max-snippet":"max-snippet:-1","max-image-preview":"max-image-preview:large","max-video-preview":"max-video-preview:-1"},"canonical":"https:\/\/stefanovici.rs\/?page_id=77","og_locale":"en_US","og_type":"article","og_title":"Usluge - Ordinacija Stefanovi\u0107i","og_description":"Spisak usluga, vrsta pregleda u oftalmolo\u0161koj ordinaciji Stefanovi\u0107i. Novi Beograd, Milutina Milankovi\u0107a 54\/8.","og_url":"https:\/\/stefanovici.rs\/?page_id=77","og_site_name":"stefanovici.rs","article_publisher":"https:\/\/www.facebook.com\/ordinacijaStefanovici","article_modified_time":"2026-01-26T14:36:28+00:00","twitter_card":"summary_large_image","twitter_misc":{"Est. reading time":"1 minute"},"schema":{"@context":"https:\/\/schema.org","@graph":[{"@type":"WebPage","@id":"https:\/\/stefanovici.rs\/?page_id=77","url":"https:\/\/stefanovici.rs\/?page_id=77","name":"Usluge - Ordinacija Stefanovi\u0107i","isPartOf":{"@id":"https:\/\/stefanovici.rs\/#website"},"datePublished":"2024-09-19T12:09:30+00:00","dateModified":"2026-01-26T14:36:28+00:00","description":"Spisak usluga, vrsta pregleda u oftalmolo\u0161koj ordinaciji Stefanovi\u0107i. Novi Beograd, Milutina Milankovi\u0107a 54\/8.","breadcrumb":{"@id":"https:\/\/stefanovici.rs\/?page_id=77#breadcrumb"},"inLanguage":"en-US","potentialAction":[{"@type":"ReadAction","target":["https:\/\/stefanovici.rs\/?page_id=77"]}]},{"@type":"BreadcrumbList","@id":"https:\/\/stefanovici.rs\/?page_id=77#breadcrumb","itemListElement":[{"@type":"ListItem","position":1,"name":"Home","item":"https:\/\/stefanovici.rs\/"},{"@type":"ListItem","position":2,"name":"Usluge"}]},{"@type":"WebSite","@id":"https:\/\/stefanovici.rs\/#website","url":"https:\/\/stefanovici.rs\/","name":"stefanovici.rs","description":"Oftalmolo\u0161ka ordinacija Stefanovi\u0107i","publisher":{"@id":"https:\/\/stefanovici.rs\/#organization"},"potentialAction":[{"@type":"SearchAction","target":{"@type":"EntryPoint","urlTemplate":"https:\/\/stefanovici.rs\/?s={search_term_string}"},"query-input":{"@type":"PropertyValueSpecification","valueRequired":true,"valueName":"search_term_string"}}],"inLanguage":"en-US"},{"@type":"Organization","@id":"https:\/\/stefanovici.rs\/#organization","name":"stefanovici.rs","url":"https:\/\/stefanovici.rs\/","logo":{"@type":"ImageObject","inLanguage":"en-US","@id":"https:\/\/stefanovici.rs\/#\/schema\/logo\/image\/","url":"https:\/\/stefanovici.rs\/wp-content\/uploads\/2024\/09\/IMG_0001.png","contentUrl":"https:\/\/stefanovici.rs\/wp-content\/uploads\/2024\/09\/IMG_0001.png","width":333,"height":115,"caption":"stefanovici.rs"},"image":{"@id":"https:\/\/stefanovici.rs\/#\/schema\/logo\/image\/"},"sameAs":["https:\/\/www.facebook.com\/ordinacijaStefanovici"]}]}},"_links":{"self":[{"href":"https:\/\/stefanovici.rs\/index.php?rest_route=\/wp\/v2\/pages\/77","targetHints":{"allow":["GET"]}}],"collection":[{"href":"https:\/\/stefanovici.rs\/index.php?rest_route=\/wp\/v2\/pages"}],"about":[{"href":"https:\/\/stefanovici.rs\/index.php?rest_route=\/wp\/v2\/types\/page"}],"author":[{"embeddable":true,"href":"https:\/\/stefanovici.rs\/index.php?rest_route=\/wp\/v2\/users\/1"}],"replies":[{"embeddable":true,"href":"https:\/\/stefanovici.rs\/index.php?rest_route=%2Fwp%2Fv2%2Fcomments&post=77"}],"version-history":[{"count":15,"href":"https:\/\/stefanovici.rs\/index.php?rest_route=\/wp\/v2\/pages\/77\/revisions"}],"predecessor-version":[{"id":447,"href":"https:\/\/stefanovici.rs\/index.php?rest_route=\/wp\/v2\/pages\/77\/revisions\/447"}],"wp:attachment":[{"href":"https:\/\/stefanovici.rs\/index.php?rest_route=%2Fwp%2Fv2%2Fmedia&parent=77"}],"curies":[{"name":"wp","href":"https:\/\/api.w.org\/{rel}","templated":true}]}}